{"id":506,"date":"2023-07-20T15:53:42","date_gmt":"2023-07-20T18:53:42","guid":{"rendered":"https:\/\/portelamarmores.com.br\/novo\/?page_id=506"},"modified":"2026-02-05T10:25:01","modified_gmt":"2026-02-05T13:25:01","slug":"whatsapp-larissa","status":"publish","type":"page","link":"https:\/\/portelamarmores.com.br\/site\/whatsapp-larissa\/","title":{"rendered":"WhatsApp Larissa"},"content":{"rendered":"\t\t<div data-elementor-type=\"wp-page\" data-elementor-id=\"506\" class=\"elementor elementor-506\">\n\t\t\t\t\t\t<section class=\"has_eae_slider elementor-section elementor-top-section elementor-element elementor-element-d5de612 elementor-section-height-full elementor-section-boxed elementor-section-height-default elementor-section-items-middle\" data-id=\"d5de612\" data-element_type=\"section\">\n\t\t\t\t\t\t<div class=\"elementor-container elementor-column-gap-default\">\n\t\t\t\t\t<div class=\"has_eae_slider elementor-column elementor-col-100 elementor-top-column elementor-element elementor-element-03b358b\" data-id=\"03b358b\" data-element_type=\"column\">\n\t\t\t<div class=\"elementor-widget-wrap elementor-element-populated\">\n\t\t\t\t\t\t<div class=\"elementor-element elementor-element-986488f elementor-widget elementor-widget-image\" data-id=\"986488f\" data-element_type=\"widget\" data-widget_type=\"image.default\">\n\t\t\t\t<div class=\"elementor-widget-container\">\n\t\t\t\t\t\t\t\t\t\t\t\t\t\t\t<img fetchpriority=\"high\" decoding=\"async\" width=\"800\" height=\"800\" src=\"https:\/\/portelamarmores.com.br\/site\/wp-content\/uploads\/2023\/07\/loading2.gif\" class=\"attachment-large size-large wp-image-509\" alt=\"\" \/>\t\t\t\t\t\t\t\t\t\t\t\t\t\t\t<\/div>\n\t\t\t\t<\/div>\n\t\t\t\t<div class=\"elementor-element elementor-element-594cf67 elementor-widget elementor-widget-html\" data-id=\"594cf67\" data-element_type=\"widget\" data-widget_type=\"html.default\">\n\t\t\t\t<div class=\"elementor-widget-container\">\n\t\t\t\t\t<script>\r\n  document.addEventListener(\"DOMContentLoaded\", function () {\r\n    \/\/ Utilidade para pegar par\u00e2metros da URL\r\n    function getUrlParameter(name, source) {\r\n      name = name.replace(\/[\\[]\/, '\\\\[').replace(\/[\\]]\/, '\\\\]');\r\n      const regex = new RegExp('[\\\\?&]' + name + '=([^&#]*)');\r\n      const results = regex.exec(source || window.location.href);\r\n      return results === null ? '' : decodeURIComponent(results[1].replace(\/\\+\/g, ' '));\r\n    }\r\n\r\n    \/\/ Fun\u00e7\u00e3o para gerar n\u00famero aleat\u00f3rio mais robusto\r\n    function getRandomIndex(max) {\r\n      \/\/ Usa timestamp + random + seed para aumentar entropia\r\n      const crypto = window.crypto || window.msCrypto;\r\n\r\n      if (crypto && crypto.getRandomValues) {\r\n        \/\/ Usa Crypto API se dispon\u00edvel (mais aleat\u00f3rio)\r\n        const array = new Uint32Array(1);\r\n        crypto.getRandomValues(array);\r\n        return array[0] % max;\r\n      } else {\r\n        \/\/ Fallback com m\u00faltiplas fontes de entropia\r\n        const timestamp = Date.now();\r\n        const randomSeed = Math.random() * 1000000;\r\n        const combined = (timestamp + randomSeed) * Math.random();\r\n        return Math.floor(combined % max);\r\n      }\r\n    }\r\n\r\n    \/\/ Referrer e par\u00e2metros UTM\r\n    const referrer = document.referrer || '';\r\n    const utmSource = getUrlParameter('utm_source', referrer).toLowerCase();\r\n    const utmCampaign = getUrlParameter('utm_campaign', referrer);\r\n\r\n    \/\/ Mensagem padr\u00e3o\r\n    let mensagemPersonalizada = 'Ol\u00e1, vim atrav\u00e9s do site e gostaria de mais informa\u00e7\u00f5es.';\r\n\r\n    \/\/ Personaliza mensagem de acordo com a origem e url\r\n    if (referrer.includes('endereco-pagina') || utmSource === 'google') {\r\n      mensagemPersonalizada = 'Ol\u00e1, vim atrav\u00e9s do site e gostaria de mais informa\u00e7\u00f5es.';\r\n    } else if (referrer.includes('endereco-pagina-alternativo') || utmSource === 'google') {\r\n      mensagemPersonalizada = 'Ol\u00e1, vim atrav\u00e9s do site e gostaria de mais informa\u00e7\u00f5es.';\r\n    } else if (referrer.includes('endereco-pagina-alternativo2') || utmSource === 'facebook') {\r\n      mensagemPersonalizada = 'Ol\u00e1, vim atrav\u00e9s do site e gostaria de mais informa\u00e7\u00f5es.';\r\n    }\r\n\r\n    \/\/ Contatos dispon\u00edveis\r\n    const contatos = [\r\n      { numero: '5511947886330', eventoPixel: 'WhatsApp Larissa' }\r\n      \/\/,{ numero: '5511911111111', eventoPixel: 'Lead_Wpp_final1111' }\r\n    ];\r\n\r\n    \/\/ Contato aleat\u00f3rio com melhor distribui\u00e7\u00e3o\r\n    const indiceAleatorio = getRandomIndex(contatos.length);\r\n    const contatoEscolhido = contatos[indiceAleatorio];\r\n\r\n    const texto = encodeURIComponent(mensagemPersonalizada);\r\n    const isMobile = \/iPhone|Android|iPad|iPod|BlackBerry|IEMobile|Opera Mini\/i.test(navigator.userAgent);\r\n    const linkWhatsApp = isMobile\r\n      ? `https:\/\/api.whatsapp.com\/send?phone=${contatoEscolhido.numero}&text=${texto}`\r\n      : `https:\/\/web.whatsapp.com\/send?phone=${contatoEscolhido.numero}&text=${texto}`;\r\n\r\n    \/\/ Dispara eventos do Facebook Pixel\r\n    if (typeof fbq === 'function') {\r\n      fbq('track', 'Contact');\r\n      fbq('track', 'WhatsApp');\r\n      fbq('track', contatoEscolhido.eventoPixel);\r\n    }\r\n\r\n    \/\/ Redireciona ap\u00f3s 2 segundos\r\n    setTimeout(function () {\r\n      window.location.href = linkWhatsApp;\r\n    }, 2000);\r\n  });\r\n<\/script>\r\n\t\t\t\t\t\t<\/div>\n\t\t\t\t<\/div>\n\t\t\t\t\t<\/div>\n\t\t<\/div>\n\t\t\t\t\t<\/div>\n\t\t<\/section>\n\t\t\t\t<\/div>\n\t\t","protected":false},"excerpt":{"rendered":"","protected":false},"author":1,"featured_media":0,"parent":0,"menu_order":0,"comment_status":"closed","ping_status":"closed","template":"elementor_canvas","meta":{"site-sidebar-layout":"no-sidebar","site-content-layout":"page-builder","ast-site-content-layout":"","site-content-style":"default","site-sidebar-style":"default","ast-global-header-display":"","ast-banner-title-visibility":"","ast-main-header-display":"","ast-hfb-above-header-display":"","ast-hfb-below-header-display":"","ast-hfb-mobile-header-display":"","site-post-title":"disabled","ast-breadcrumbs-content":"","ast-featured-img":"disabled","footer-sml-layout":"","theme-transparent-header-meta":"","adv-header-id-meta":"","stick-header-meta":"","header-above-stick-meta":"","header-main-stick-meta":"","header-below-stick-meta":"","astra-migrate-meta-layouts":"default","ast-page-background-enabled":"default","ast-page-background-meta":{"desktop":{"background-color":"var(--ast-global-color-4)","background-image":"","background-repeat":"repeat","background-position":"center center","background-size":"auto","background-attachment":"scroll","background-type":"","background-media":"","overlay-type":"","overlay-color":"","overlay-opacity":"","overlay-gradient":""},"tablet":{"background-color":"","background-image":"","background-repeat":"repeat","background-position":"center center","background-size":"auto","background-attachment":"scroll","background-type":"","background-media":"","overlay-type":"","overlay-color":"","overlay-opacity":"","overlay-gradient":""},"mobile":{"background-color":"","background-image":"","background-repeat":"repeat","background-position":"center center","background-size":"auto","background-attachment":"scroll","background-type":"","background-media":"","overlay-type":"","overlay-color":"","overlay-opacity":"","overlay-gradient":""}},"ast-content-background-meta":{"desktop":{"background-color":"var(--ast-global-color-5)","background-image":"","background-repeat":"repeat","background-position":"center center","background-size":"auto","background-attachment":"scroll","background-type":"","background-media":"","overlay-type":"","overlay-color":"","overlay-opacity":"","overlay-gradient":""},"tablet":{"background-color":"var(--ast-global-color-5)","background-image":"","background-repeat":"repeat","background-position":"center center","background-size":"auto","background-attachment":"scroll","background-type":"","background-media":"","overlay-type":"","overlay-color":"","overlay-opacity":"","overlay-gradient":""},"mobile":{"background-color":"var(--ast-global-color-5)","background-image":"","background-repeat":"repeat","background-position":"center center","background-size":"auto","background-attachment":"scroll","background-type":"","background-media":"","overlay-type":"","overlay-color":"","overlay-opacity":"","overlay-gradient":""}},"footnotes":""},"class_list":["post-506","page","type-page","status-publish","hentry"],"_links":{"self":[{"href":"https:\/\/portelamarmores.com.br\/site\/wp-json\/wp\/v2\/pages\/506","targetHints":{"allow":["GET"]}}],"collection":[{"href":"https:\/\/portelamarmores.com.br\/site\/wp-json\/wp\/v2\/pages"}],"about":[{"href":"https:\/\/portelamarmores.com.br\/site\/wp-json\/wp\/v2\/types\/page"}],"author":[{"embeddable":true,"href":"https:\/\/portelamarmores.com.br\/site\/wp-json\/wp\/v2\/users\/1"}],"replies":[{"embeddable":true,"href":"https:\/\/portelamarmores.com.br\/site\/wp-json\/wp\/v2\/comments?post=506"}],"version-history":[{"count":16,"href":"https:\/\/portelamarmores.com.br\/site\/wp-json\/wp\/v2\/pages\/506\/revisions"}],"predecessor-version":[{"id":1148,"href":"https:\/\/portelamarmores.com.br\/site\/wp-json\/wp\/v2\/pages\/506\/revisions\/1148"}],"wp:attachment":[{"href":"https:\/\/portelamarmores.com.br\/site\/wp-json\/wp\/v2\/media?parent=506"}],"curies":[{"name":"wp","href":"https:\/\/api.w.org\/{rel}","templated":true}]}}