{"id":555,"date":"2023-07-20T16:15:20","date_gmt":"2023-07-20T19:15:20","guid":{"rendered":"https:\/\/portelamarmores.com.br\/novo\/?page_id=555"},"modified":"2026-04-17T10:43:45","modified_gmt":"2026-04-17T13:43:45","slug":"home","status":"publish","type":"page","link":"https:\/\/portelamarmores.com.br\/site\/","title":{"rendered":"Home"},"content":{"rendered":"\t\t<div data-elementor-type=\"wp-page\" data-elementor-id=\"555\" class=\"elementor elementor-555\">\n\t\t\t\t<div class=\"has_eae_slider elementor-element elementor-element-5ff0886 e-con-full elementor-hidden-mobile e-flex e-con e-parent\" data-eae-slider=\"30402\" data-id=\"5ff0886\" data-element_type=\"container\" data-e-type=\"container\">\n\t\t\t\t<div class=\"elementor-element elementor-element-5a4ef94 elementor-pagination-position-outside elementor-widget elementor-widget-image-carousel\" data-id=\"5a4ef94\" data-element_type=\"widget\" data-e-type=\"widget\" data-settings=\"{&quot;slides_to_show&quot;:&quot;1&quot;,&quot;navigation&quot;:&quot;dots&quot;,&quot;slides_to_show_mobile&quot;:&quot;1&quot;,&quot;autoplay&quot;:&quot;yes&quot;,&quot;pause_on_hover&quot;:&quot;yes&quot;,&quot;pause_on_interaction&quot;:&quot;yes&quot;,&quot;autoplay_speed&quot;:5000,&quot;infinite&quot;:&quot;yes&quot;,&quot;effect&quot;:&quot;slide&quot;,&quot;speed&quot;:500}\" data-widget_type=\"image-carousel.default\">\n\t\t\t\t<div class=\"elementor-widget-container\">\n\t\t\t\t\t\t\t<div class=\"elementor-image-carousel-wrapper swiper\" role=\"region\" aria-roledescription=\"carousel\" aria-label=\"Carrossel de imagens\" dir=\"ltr\">\n\t\t\t<div class=\"elementor-image-carousel swiper-wrapper\" aria-live=\"off\">\n\t\t\t\t\t\t\t\t<div class=\"swiper-slide\" role=\"group\" aria-roledescription=\"slide\" aria-label=\"1 de 3\"><figure class=\"swiper-slide-inner\"><img decoding=\"async\" class=\"swiper-slide-image\" src=\"https:\/\/portelamarmores.com.br\/site\/wp-content\/uploads\/elementor\/thumbs\/banner01-rif4bq7ifp2kemy32twk2ulorxxjsbk0xs1oe607c8.jpg\" alt=\"banner01\" \/><\/figure><\/div><div class=\"swiper-slide\" role=\"group\" aria-roledescription=\"slide\" aria-label=\"2 de 3\"><figure class=\"swiper-slide-inner\"><img decoding=\"async\" class=\"swiper-slide-image\" src=\"https:\/\/portelamarmores.com.br\/site\/wp-content\/uploads\/elementor\/thumbs\/banner02-1-rm50we986p5v5tfzgqlyygt7im2gqzz8kc3lbzizhk.jpg\" alt=\"banner02-1\" \/><\/figure><\/div><div class=\"swiper-slide\" role=\"group\" aria-roledescription=\"slide\" aria-label=\"3 de 3\"><figure class=\"swiper-slide-inner\"><img decoding=\"async\" class=\"swiper-slide-image\" src=\"https:\/\/portelamarmores.com.br\/site\/wp-content\/uploads\/elementor\/thumbs\/banner03-1-rm50wg4wkd8ft1d95rf83gc4pdt76e6p8lekajg754.jpg\" alt=\"banner03-1\" \/><\/figure><\/div>\t\t\t<\/div>\n\t\t\t\t\t\t\t\n\t\t\t\t\t\t\t\t\t<div class=\"swiper-pagination\"><\/div>\n\t\t\t\t\t\t\t\t\t<\/div>\n\t\t\t\t\t\t<\/div>\n\t\t\t\t<\/div>\n\t\t\t\t<\/div>\n\t\t<div class=\"has_eae_slider elementor-element elementor-element-a934ad3 e-con-full elementor-hidden-desktop elementor-hidden-tablet e-flex e-con e-parent\" data-eae-slider=\"58915\" data-id=\"a934ad3\" data-element_type=\"container\" data-e-type=\"container\">\n\t\t\t\t<div class=\"elementor-element elementor-element-56f3a24 elementor-pagination-position-outside elementor-widget elementor-widget-image-carousel\" data-id=\"56f3a24\" data-element_type=\"widget\" data-e-type=\"widget\" data-settings=\"{&quot;slides_to_show&quot;:&quot;1&quot;,&quot;navigation&quot;:&quot;dots&quot;,&quot;slides_to_show_mobile&quot;:&quot;1&quot;,&quot;autoplay&quot;:&quot;yes&quot;,&quot;pause_on_hover&quot;:&quot;yes&quot;,&quot;pause_on_interaction&quot;:&quot;yes&quot;,&quot;autoplay_speed&quot;:5000,&quot;infinite&quot;:&quot;yes&quot;,&quot;effect&quot;:&quot;slide&quot;,&quot;speed&quot;:500}\" data-widget_type=\"image-carousel.default\">\n\t\t\t\t<div class=\"elementor-widget-container\">\n\t\t\t\t\t\t\t<div class=\"elementor-image-carousel-wrapper swiper\" role=\"region\" aria-roledescription=\"carousel\" aria-label=\"Carrossel de imagens\" dir=\"ltr\">\n\t\t\t<div class=\"elementor-image-carousel swiper-wrapper\" aria-live=\"off\">\n\t\t\t\t\t\t\t\t<div class=\"swiper-slide\" role=\"group\" aria-roledescription=\"slide\" aria-label=\"1 de 3\"><figure class=\"swiper-slide-inner\"><img decoding=\"async\" class=\"swiper-slide-image\" src=\"https:\/\/portelamarmores.com.br\/site\/wp-content\/uploads\/2026\/01\/banner01.jpg\" alt=\"banner01\" \/><\/figure><\/div><div class=\"swiper-slide\" role=\"group\" aria-roledescription=\"slide\" aria-label=\"2 de 3\"><figure class=\"swiper-slide-inner\"><img decoding=\"async\" class=\"swiper-slide-image\" src=\"https:\/\/portelamarmores.com.br\/site\/wp-content\/uploads\/2026\/04\/banner02-1.jpg\" alt=\"banner02-1\" \/><\/figure><\/div><div class=\"swiper-slide\" role=\"group\" aria-roledescription=\"slide\" aria-label=\"3 de 3\"><figure class=\"swiper-slide-inner\"><img decoding=\"async\" class=\"swiper-slide-image\" src=\"https:\/\/portelamarmores.com.br\/site\/wp-content\/uploads\/2026\/04\/banner03-1.jpg\" alt=\"banner03-1\" \/><\/figure><\/div>\t\t\t<\/div>\n\t\t\t\t\t\t\t\n\t\t\t\t\t\t\t\t\t<div class=\"swiper-pagination\"><\/div>\n\t\t\t\t\t\t\t\t\t<\/div>\n\t\t\t\t\t\t<\/div>\n\t\t\t\t<\/div>\n\t\t\t\t<\/div>\n\t\t<div class=\"has_eae_slider elementor-element elementor-element-191527f e-flex e-con-boxed e-con e-parent\" data-eae-slider=\"10271\" data-id=\"191527f\" data-element_type=\"container\" data-e-type=\"container\">\n\t\t\t\t\t<div class=\"e-con-inner\">\n\t\t<div class=\"has_eae_slider elementor-element elementor-element-66d4d9f e-con-full elementor-hidden-tablet elementor-hidden-mobile e-flex e-con e-child\" data-eae-slider=\"63205\" data-id=\"66d4d9f\" data-element_type=\"container\" data-e-type=\"container\">\n\t\t\t\t<div class=\"elementor-element elementor-element-b03e4a6 elementor-widget__width-initial elementor-widget elementor-widget-image\" data-id=\"b03e4a6\" data-element_type=\"widget\" data-e-type=\"widget\" data-widget_type=\"image.default\">\n\t\t\t\t<div class=\"elementor-widget-container\">\n\t\t\t\t\t\t\t\t\t\t\t\t\t\t\t<img fetchpriority=\"high\" decoding=\"async\" width=\"670\" height=\"642\" src=\"https:\/\/portelamarmores.com.br\/site\/wp-content\/uploads\/2026\/04\/portela-designer.png\" class=\"attachment-large size-large wp-image-1160\" alt=\"\" srcset=\"https:\/\/portelamarmores.com.br\/site\/wp-content\/uploads\/2026\/04\/portela-designer.png 670w, https:\/\/portelamarmores.com.br\/site\/wp-content\/uploads\/2026\/04\/portela-designer-300x287.png 300w\" sizes=\"(max-width: 670px) 100vw, 670px\" \/>\t\t\t\t\t\t\t\t\t\t\t\t\t\t\t<\/div>\n\t\t\t\t<\/div>\n\t\t\t\t<\/div>\n\t\t<div class=\"has_eae_slider elementor-element elementor-element-4d9d853 e-con-full e-flex e-con e-child\" data-eae-slider=\"19509\" data-id=\"4d9d853\" data-element_type=\"container\" data-e-type=\"container\">\n\t\t\t\t<div class=\"elementor-element elementor-element-89eac16 elementor-widget elementor-widget-heading\" data-id=\"89eac16\" data-element_type=\"widget\" data-e-type=\"widget\" data-widget_type=\"heading.default\">\n\t\t\t\t<div class=\"elementor-widget-container\">\n\t\t\t\t\t<h2 class=\"elementor-heading-title elementor-size-default\">[ QUEM SOMOS ]<\/h2>\t\t\t\t<\/div>\n\t\t\t\t<\/div>\n\t\t\t\t<div class=\"elementor-element elementor-element-02e292d elementor-widget elementor-widget-heading\" data-id=\"02e292d\" data-element_type=\"widget\" data-e-type=\"widget\" data-widget_type=\"heading.default\">\n\t\t\t\t<div class=\"elementor-widget-container\">\n\t\t\t\t\t<h2 class=\"elementor-heading-title elementor-size-default\">Muito prazer, somos a Marmoraria Portela!<\/h2>\t\t\t\t<\/div>\n\t\t\t\t<\/div>\n\t\t\t\t<div class=\"elementor-element elementor-element-3fbfb7e elementor-widget elementor-widget-text-editor\" data-id=\"3fbfb7e\" data-element_type=\"widget\" data-e-type=\"widget\" data-widget_type=\"text-editor.default\">\n\t\t\t\t<div class=\"elementor-widget-container\">\n\t\t\t\t\t\t\t\t\t<p>Muito prazer, somos a Marmoraria Portela!<br \/><br \/><br \/>Encontre padr\u00f5es exclusivos para transformar seu ambiente com sofistica\u00e7\u00e3o e naturalidade, transforme o seu lar em uma verdadeira obra de arte.<\/p>\t\t\t\t\t\t\t\t<\/div>\n\t\t\t\t<\/div>\n\t\t\t\t<div class=\"elementor-element elementor-element-5dc6d06 btn-flutuante elementor-widget elementor-widget-eael-creative-button\" data-id=\"5dc6d06\" data-element_type=\"widget\" data-e-type=\"widget\" data-widget_type=\"eael-creative-button.default\">\n\t\t\t\t<div class=\"elementor-widget-container\">\n\t\t\t\t\t        <div class=\"eael-creative-button-wrapper\">\n\n            <a class=\"eael-creative-button eael-creative-button--default eael-cb-icon-position-\" href=\"https:\/\/porteladesignermarmores.com.br\/sobre\/\" data-text=\"\">\n            \t    \n                <div class=\"creative-button-inner\">\n\n                    \n                    <span class=\"cretive-button-text\">Sobre N\u00f3s<\/span>\n\n                                    <\/div>\n\t                        <\/a>\n        <\/div>\n        \t\t\t\t<\/div>\n\t\t\t\t<\/div>\n\t\t\t\t<\/div>\n\t\t\t\t\t<\/div>\n\t\t\t\t<\/div>\n\t\t<div class=\"has_eae_slider elementor-element elementor-element-17113b4 e-con-full e-flex e-con e-parent\" data-eae-slider=\"32293\" data-id=\"17113b4\" data-element_type=\"container\" data-e-type=\"container\">\n\t\t\t\t<div class=\"elementor-element elementor-element-591b9ec elementor-widget elementor-widget-heading\" data-id=\"591b9ec\" data-element_type=\"widget\" data-e-type=\"widget\" data-widget_type=\"heading.default\">\n\t\t\t\t<div class=\"elementor-widget-container\">\n\t\t\t\t\t<h2 class=\"elementor-heading-title elementor-size-default\">[ CONHE\u00c7A ALGUNS DOS ]<\/h2>\t\t\t\t<\/div>\n\t\t\t\t<\/div>\n\t\t\t\t<div class=\"elementor-element elementor-element-349e6c7 elementor-widget elementor-widget-heading\" data-id=\"349e6c7\" data-element_type=\"widget\" data-e-type=\"widget\" data-widget_type=\"heading.default\">\n\t\t\t\t<div class=\"elementor-widget-container\">\n\t\t\t\t\t<h2 class=\"elementor-heading-title elementor-size-default\">Nossos Projetos<\/h2>\t\t\t\t<\/div>\n\t\t\t\t<\/div>\n\t\t<div class=\"has_eae_slider elementor-element elementor-element-4d83c07 e-con-full e-flex e-con e-child\" data-eae-slider=\"26443\" data-id=\"4d83c07\" data-element_type=\"container\" data-e-type=\"container\">\n\t\t<div class=\"has_eae_slider elementor-element elementor-element-92b5fa3 e-con-full e-flex e-con e-child\" data-eae-slider=\"39424\" data-id=\"92b5fa3\" data-element_type=\"container\" data-e-type=\"container\">\n\t\t<div class=\"has_eae_slider elementor-element elementor-element-430c089 e-con-full img-overlay-box e-flex e-con e-child\" data-eae-slider=\"50244\" data-id=\"430c089\" data-element_type=\"container\" data-e-type=\"container\">\n\t\t\t\t<div class=\"elementor-element elementor-element-520039d cate-lines elementor-widget elementor-widget-image\" data-id=\"520039d\" data-element_type=\"widget\" data-e-type=\"widget\" data-widget_type=\"image.default\">\n\t\t\t\t<div class=\"elementor-widget-container\">\n\t\t\t\t\t\t\t\t\t\t\t\t\t\t\t\t<a href=\"https:\/\/porteladesignermarmores.com.br\/banheiros-e-lavabos\/\">\n\t\t\t\t\t\t\t<img decoding=\"async\" width=\"720\" height=\"720\" src=\"https:\/\/portelamarmores.com.br\/site\/wp-content\/uploads\/2026\/04\/banheiro-720x720-1.jpg\" class=\"attachment-full size-full wp-image-1161\" alt=\"\" srcset=\"https:\/\/portelamarmores.com.br\/site\/wp-content\/uploads\/2026\/04\/banheiro-720x720-1.jpg 720w, https:\/\/portelamarmores.com.br\/site\/wp-content\/uploads\/2026\/04\/banheiro-720x720-1-300x300.jpg 300w, https:\/\/portelamarmores.com.br\/site\/wp-content\/uploads\/2026\/04\/banheiro-720x720-1-150x150.jpg 150w\" sizes=\"(max-width: 720px) 100vw, 720px\" \/>\t\t\t\t\t\t\t\t<\/a>\n\t\t\t\t\t\t\t\t\t\t\t\t\t\t\t<\/div>\n\t\t\t\t<\/div>\n\t\t\t\t<div class=\"elementor-element elementor-element-1f19737 elementor-absolute texto-img elementor-widget elementor-widget-heading\" data-id=\"1f19737\" data-element_type=\"widget\" data-e-type=\"widget\" data-settings=\"{&quot;_position&quot;:&quot;absolute&quot;}\" data-widget_type=\"heading.default\">\n\t\t\t\t<div class=\"elementor-widget-container\">\n\t\t\t\t\t<h2 class=\"elementor-heading-title elementor-size-default\"><a href=\"https:\/\/porteladesignermarmores.com.br\/banheiros-e-lavabos\/\">Banheiro\/Lavabo<\/a><\/h2>\t\t\t\t<\/div>\n\t\t\t\t<\/div>\n\t\t\t\t<\/div>\n\t\t<div class=\"has_eae_slider elementor-element elementor-element-10ac2c6 e-con-full img-overlay-box e-flex e-con e-child\" data-eae-slider=\"74248\" data-id=\"10ac2c6\" data-element_type=\"container\" data-e-type=\"container\">\n\t\t\t\t<div class=\"elementor-element elementor-element-0f1f020 cate-lines elementor-widget elementor-widget-image\" data-id=\"0f1f020\" data-element_type=\"widget\" data-e-type=\"widget\" data-widget_type=\"image.default\">\n\t\t\t\t<div class=\"elementor-widget-container\">\n\t\t\t\t\t\t\t\t\t\t\t\t\t\t\t\t<a href=\"https:\/\/porteladesignermarmores.com.br\/cozinha\/\">\n\t\t\t\t\t\t\t<img decoding=\"async\" width=\"720\" height=\"720\" src=\"https:\/\/portelamarmores.com.br\/site\/wp-content\/uploads\/2026\/04\/cozinha-720x720-1.jpg\" class=\"attachment-full size-full wp-image-1162\" alt=\"\" srcset=\"https:\/\/portelamarmores.com.br\/site\/wp-content\/uploads\/2026\/04\/cozinha-720x720-1.jpg 720w, https:\/\/portelamarmores.com.br\/site\/wp-content\/uploads\/2026\/04\/cozinha-720x720-1-300x300.jpg 300w, https:\/\/portelamarmores.com.br\/site\/wp-content\/uploads\/2026\/04\/cozinha-720x720-1-150x150.jpg 150w\" sizes=\"(max-width: 720px) 100vw, 720px\" \/>\t\t\t\t\t\t\t\t<\/a>\n\t\t\t\t\t\t\t\t\t\t\t\t\t\t\t<\/div>\n\t\t\t\t<\/div>\n\t\t\t\t<div class=\"elementor-element elementor-element-c426322 elementor-absolute texto-img elementor-widget elementor-widget-heading\" data-id=\"c426322\" data-element_type=\"widget\" data-e-type=\"widget\" data-settings=\"{&quot;_position&quot;:&quot;absolute&quot;}\" data-widget_type=\"heading.default\">\n\t\t\t\t<div class=\"elementor-widget-container\">\n\t\t\t\t\t<h2 class=\"elementor-heading-title elementor-size-default\"><a href=\"https:\/\/porteladesignermarmores.com.br\/cozinha\/\">Cozinha<\/a><\/h2>\t\t\t\t<\/div>\n\t\t\t\t<\/div>\n\t\t\t\t<\/div>\n\t\t\t\t<\/div>\n\t\t<div class=\"has_eae_slider elementor-element elementor-element-62f6ea6 e-con-full e-flex e-con e-child\" data-eae-slider=\"21314\" data-id=\"62f6ea6\" data-element_type=\"container\" data-e-type=\"container\">\n\t\t<div class=\"has_eae_slider elementor-element elementor-element-46bb78e e-con-full img-overlay-box e-flex e-con e-child\" data-eae-slider=\"95558\" data-id=\"46bb78e\" data-element_type=\"container\" data-e-type=\"container\">\n\t\t\t\t<div class=\"elementor-element elementor-element-4ef0e54 cate-lines elementor-widget elementor-widget-image\" data-id=\"4ef0e54\" data-element_type=\"widget\" data-e-type=\"widget\" data-widget_type=\"image.default\">\n\t\t\t\t<div class=\"elementor-widget-container\">\n\t\t\t\t\t\t\t\t\t\t\t\t\t\t\t\t<a href=\"https:\/\/porteladesignermarmores.com.br\/escadas\/\">\n\t\t\t\t\t\t\t<img loading=\"lazy\" decoding=\"async\" width=\"720\" height=\"720\" src=\"https:\/\/portelamarmores.com.br\/site\/wp-content\/uploads\/2026\/04\/escadas-720x720-1.jpg\" class=\"attachment-full size-full wp-image-1163\" alt=\"\" srcset=\"https:\/\/portelamarmores.com.br\/site\/wp-content\/uploads\/2026\/04\/escadas-720x720-1.jpg 720w, https:\/\/portelamarmores.com.br\/site\/wp-content\/uploads\/2026\/04\/escadas-720x720-1-300x300.jpg 300w, https:\/\/portelamarmores.com.br\/site\/wp-content\/uploads\/2026\/04\/escadas-720x720-1-150x150.jpg 150w\" sizes=\"(max-width: 720px) 100vw, 720px\" \/>\t\t\t\t\t\t\t\t<\/a>\n\t\t\t\t\t\t\t\t\t\t\t\t\t\t\t<\/div>\n\t\t\t\t<\/div>\n\t\t\t\t<div class=\"elementor-element elementor-element-0fbb3f8 elementor-absolute texto-img elementor-widget elementor-widget-heading\" data-id=\"0fbb3f8\" data-element_type=\"widget\" data-e-type=\"widget\" data-settings=\"{&quot;_position&quot;:&quot;absolute&quot;}\" data-widget_type=\"heading.default\">\n\t\t\t\t<div class=\"elementor-widget-container\">\n\t\t\t\t\t<h2 class=\"elementor-heading-title elementor-size-default\"><a href=\"https:\/\/porteladesignermarmores.com.br\/escadas\/\">Escada<\/a><\/h2>\t\t\t\t<\/div>\n\t\t\t\t<\/div>\n\t\t\t\t<\/div>\n\t\t<div class=\"has_eae_slider elementor-element elementor-element-6362618 e-con-full img-overlay-box e-flex e-con e-child\" data-eae-slider=\"14834\" data-id=\"6362618\" data-element_type=\"container\" data-e-type=\"container\">\n\t\t\t\t<div class=\"elementor-element elementor-element-7561849 cate-lines elementor-widget elementor-widget-image\" data-id=\"7561849\" data-element_type=\"widget\" data-e-type=\"widget\" data-widget_type=\"image.default\">\n\t\t\t\t<div class=\"elementor-widget-container\">\n\t\t\t\t\t\t\t\t\t\t\t\t\t\t\t\t<a href=\"https:\/\/porteladesignermarmores.com.br\/area-gourmet\/\">\n\t\t\t\t\t\t\t<img loading=\"lazy\" decoding=\"async\" width=\"720\" height=\"720\" src=\"https:\/\/portelamarmores.com.br\/site\/wp-content\/uploads\/2026\/04\/areagourmet-720x720-1.webp\" class=\"attachment-full size-full wp-image-1164\" alt=\"\" srcset=\"https:\/\/portelamarmores.com.br\/site\/wp-content\/uploads\/2026\/04\/areagourmet-720x720-1.webp 720w, https:\/\/portelamarmores.com.br\/site\/wp-content\/uploads\/2026\/04\/areagourmet-720x720-1-300x300.webp 300w, https:\/\/portelamarmores.com.br\/site\/wp-content\/uploads\/2026\/04\/areagourmet-720x720-1-150x150.webp 150w\" sizes=\"(max-width: 720px) 100vw, 720px\" \/>\t\t\t\t\t\t\t\t<\/a>\n\t\t\t\t\t\t\t\t\t\t\t\t\t\t\t<\/div>\n\t\t\t\t<\/div>\n\t\t\t\t<div class=\"elementor-element elementor-element-85f7f66 elementor-absolute texto-img elementor-widget elementor-widget-heading\" data-id=\"85f7f66\" data-element_type=\"widget\" data-e-type=\"widget\" data-settings=\"{&quot;_position&quot;:&quot;absolute&quot;}\" data-widget_type=\"heading.default\">\n\t\t\t\t<div class=\"elementor-widget-container\">\n\t\t\t\t\t<h2 class=\"elementor-heading-title elementor-size-default\"><a href=\"https:\/\/porteladesignermarmores.com.br\/area-gourmet\/\">\u00c1rea Gourmet<\/a><\/h2>\t\t\t\t<\/div>\n\t\t\t\t<\/div>\n\t\t\t\t<\/div>\n\t\t\t\t<\/div>\n\t\t\t\t<\/div>\n\t\t\t\t<\/div>\n\t\t<div class=\"has_eae_slider elementor-element elementor-element-1037a57 e-flex e-con-boxed e-con e-parent\" data-eae-slider=\"31358\" data-id=\"1037a57\" data-element_type=\"container\" data-e-type=\"container\" data-settings=\"{&quot;background_background&quot;:&quot;classic&quot;}\">\n\t\t\t\t\t<div class=\"e-con-inner\">\n\t\t\t\t<div class=\"elementor-element elementor-element-3094332 elementor-widget elementor-widget-image-carousel\" data-id=\"3094332\" data-element_type=\"widget\" data-e-type=\"widget\" data-settings=\"{&quot;slides_to_show&quot;:&quot;5&quot;,&quot;navigation&quot;:&quot;none&quot;,&quot;slides_to_show_mobile&quot;:&quot;2&quot;,&quot;autoplay&quot;:&quot;yes&quot;,&quot;pause_on_hover&quot;:&quot;yes&quot;,&quot;pause_on_interaction&quot;:&quot;yes&quot;,&quot;autoplay_speed&quot;:5000,&quot;infinite&quot;:&quot;yes&quot;,&quot;speed&quot;:500}\" data-widget_type=\"image-carousel.default\">\n\t\t\t\t<div class=\"elementor-widget-container\">\n\t\t\t\t\t\t\t<div class=\"elementor-image-carousel-wrapper swiper\" role=\"region\" aria-roledescription=\"carousel\" aria-label=\"Carrossel de imagens\" dir=\"ltr\">\n\t\t\t<div class=\"elementor-image-carousel swiper-wrapper\" aria-live=\"off\">\n\t\t\t\t\t\t\t\t<div class=\"swiper-slide\" role=\"group\" aria-roledescription=\"slide\" aria-label=\"1 de 8\"><figure class=\"swiper-slide-inner\"><img decoding=\"async\" class=\"swiper-slide-image\" src=\"https:\/\/portelamarmores.com.br\/site\/wp-content\/uploads\/2026\/04\/nanoglass.png\" alt=\"nanoglass\" \/><\/figure><\/div><div class=\"swiper-slide\" role=\"group\" aria-roledescription=\"slide\" aria-label=\"2 de 8\"><figure class=\"swiper-slide-inner\"><img decoding=\"async\" class=\"swiper-slide-image\" src=\"https:\/\/portelamarmores.com.br\/site\/wp-content\/uploads\/2026\/04\/limestone.png\" alt=\"limestone\" \/><\/figure><\/div><div class=\"swiper-slide\" role=\"group\" aria-roledescription=\"slide\" aria-label=\"3 de 8\"><figure class=\"swiper-slide-inner\"><img decoding=\"async\" class=\"swiper-slide-image\" src=\"https:\/\/portelamarmores.com.br\/site\/wp-content\/uploads\/2026\/04\/dekton.png\" alt=\"dekton\" \/><\/figure><\/div><div class=\"swiper-slide\" role=\"group\" aria-roledescription=\"slide\" aria-label=\"4 de 8\"><figure class=\"swiper-slide-inner\"><img decoding=\"async\" class=\"swiper-slide-image\" src=\"https:\/\/portelamarmores.com.br\/site\/wp-content\/uploads\/2026\/04\/coverlam.png\" alt=\"coverlam\" \/><\/figure><\/div><div class=\"swiper-slide\" role=\"group\" aria-roledescription=\"slide\" aria-label=\"5 de 8\"><figure class=\"swiper-slide-inner\"><img decoding=\"async\" class=\"swiper-slide-image\" src=\"https:\/\/portelamarmores.com.br\/site\/wp-content\/uploads\/2026\/04\/silestone.png\" alt=\"silestone\" \/><\/figure><\/div><div class=\"swiper-slide\" role=\"group\" aria-roledescription=\"slide\" aria-label=\"6 de 8\"><figure class=\"swiper-slide-inner\"><img decoding=\"async\" class=\"swiper-slide-image\" src=\"https:\/\/portelamarmores.com.br\/site\/wp-content\/uploads\/2026\/04\/aglostone.png\" alt=\"aglostone\" \/><\/figure><\/div><div class=\"swiper-slide\" role=\"group\" aria-roledescription=\"slide\" aria-label=\"7 de 8\"><figure class=\"swiper-slide-inner\"><img decoding=\"async\" class=\"swiper-slide-image\" src=\"https:\/\/portelamarmores.com.br\/site\/wp-content\/uploads\/2026\/04\/lamtec.png\" alt=\"lamtec\" \/><\/figure><\/div><div class=\"swiper-slide\" role=\"group\" aria-roledescription=\"slide\" aria-label=\"8 de 8\"><figure class=\"swiper-slide-inner\"><img decoding=\"async\" class=\"swiper-slide-image\" src=\"https:\/\/portelamarmores.com.br\/site\/wp-content\/uploads\/2026\/04\/neolith.png\" alt=\"neolith\" \/><\/figure><\/div>\t\t\t<\/div>\n\t\t\t\t\t\t\t\n\t\t\t\t\t\t\t\t\t<\/div>\n\t\t\t\t\t\t<\/div>\n\t\t\t\t<\/div>\n\t\t\t\t\t<\/div>\n\t\t\t\t<\/div>\n\t\t\t\t<\/div>\n\t\t","protected":false},"excerpt":{"rendered":"<p>[ QUEM SOMOS ] Muito prazer, somos a Marmoraria Portela! Muito prazer, somos a Marmoraria Portela! Encontre padr\u00f5es exclusivos para transformar seu ambiente com sofistica\u00e7\u00e3o e naturalidade, transforme o seu lar em uma verdadeira obra de arte. Sobre N\u00f3s [ CONHE\u00c7A ALGUNS DOS ] Nossos Projetos Banheiro\/Lavabo Cozinha Escada \u00c1rea Gourmet<\/p>\n","protected":false},"author":1,"featured_media":0,"parent":0,"menu_order":0,"comment_status":"closed","ping_status":"closed","template":"elementor_canvas","meta":{"site-sidebar-layout":"no-sidebar","site-content-layout":"page-builder","ast-site-content-layout":"","site-content-style":"default","site-sidebar-style":"default","ast-global-header-display":"","ast-banner-title-visibility":"","ast-main-header-display":"","ast-hfb-above-header-display":"","ast-hfb-below-header-display":"","ast-hfb-mobile-header-display":"","site-post-title":"disabled","ast-breadcrumbs-content":"","ast-featured-img":"disabled","footer-sml-layout":"","theme-transparent-header-meta":"","adv-header-id-meta":"","stick-header-meta":"","header-above-stick-meta":"","header-main-stick-meta":"","header-below-stick-meta":"","astra-migrate-meta-layouts":"default","ast-page-background-enabled":"default","ast-page-background-meta":{"desktop":{"background-color":"var(--ast-global-color-4)","background-image":"","background-repeat":"repeat","background-position":"center center","background-size":"auto","background-attachment":"scroll","background-type":"","background-media":"","overlay-type":"","overlay-color":"","overlay-opacity":"","overlay-gradient":""},"tablet":{"background-color":"","background-image":"","background-repeat":"repeat","background-position":"center center","background-size":"auto","background-attachment":"scroll","background-type":"","background-media":"","overlay-type":"","overlay-color":"","overlay-opacity":"","overlay-gradient":""},"mobile":{"background-color":"","background-image":"","background-repeat":"repeat","background-position":"center center","background-size":"auto","background-attachment":"scroll","background-type":"","background-media":"","overlay-type":"","overlay-color":"","overlay-opacity":"","overlay-gradient":""}},"ast-content-background-meta":{"desktop":{"background-color":"var(--ast-global-color-5)","background-image":"","background-repeat":"repeat","background-position":"center center","background-size":"auto","background-attachment":"scroll","background-type":"","background-media":"","overlay-type":"","overlay-color":"","overlay-opacity":"","overlay-gradient":""},"tablet":{"background-color":"var(--ast-global-color-5)","background-image":"","background-repeat":"repeat","background-position":"center center","background-size":"auto","background-attachment":"scroll","background-type":"","background-media":"","overlay-type":"","overlay-color":"","overlay-opacity":"","overlay-gradient":""},"mobile":{"background-color":"var(--ast-global-color-5)","background-image":"","background-repeat":"repeat","background-position":"center center","background-size":"auto","background-attachment":"scroll","background-type":"","background-media":"","overlay-type":"","overlay-color":"","overlay-opacity":"","overlay-gradient":""}},"footnotes":""},"class_list":["post-555","page","type-page","status-publish","hentry"],"_links":{"self":[{"href":"https:\/\/portelamarmores.com.br\/site\/wp-json\/wp\/v2\/pages\/555","targetHints":{"allow":["GET"]}}],"collection":[{"href":"https:\/\/portelamarmores.com.br\/site\/wp-json\/wp\/v2\/pages"}],"about":[{"href":"https:\/\/portelamarmores.com.br\/site\/wp-json\/wp\/v2\/types\/page"}],"author":[{"embeddable":true,"href":"https:\/\/portelamarmores.com.br\/site\/wp-json\/wp\/v2\/users\/1"}],"replies":[{"embeddable":true,"href":"https:\/\/portelamarmores.com.br\/site\/wp-json\/wp\/v2\/comments?post=555"}],"version-history":[{"count":16,"href":"https:\/\/portelamarmores.com.br\/site\/wp-json\/wp\/v2\/pages\/555\/revisions"}],"predecessor-version":[{"id":1224,"href":"https:\/\/portelamarmores.com.br\/site\/wp-json\/wp\/v2\/pages\/555\/revisions\/1224"}],"wp:attachment":[{"href":"https:\/\/portelamarmores.com.br\/site\/wp-json\/wp\/v2\/media?parent=555"}],"curies":[{"name":"wp","href":"https:\/\/api.w.org\/{rel}","templated":true}]}}